{"id":1116,"date":"2015-02-23T11:32:05","date_gmt":"2015-02-23T11:32:05","guid":{"rendered":"http:\/\/petrpomkla.com\/?page_id=1116"},"modified":"2017-10-30T11:48:45","modified_gmt":"2017-10-30T11:48:45","slug":"video","status":"publish","type":"page","link":"https:\/\/www.petrpomkla.com\/cs\/video\/","title":{"rendered":"video"},"content":{"rendered":"<h2>Novoro\u010dn\u00ed koncerty<\/h2>\n<p><iframe loading=\"lazy\" width=\"500\" height=\"281\" src=\"https:\/\/www.youtube.com\/embed\/DtZNtc1jkNs?feature=oembed\" frameborder=\"0\" allowfullscreen><\/iframe><\/p>\n<h2><\/h2>\n<h2>Festival Ostrava, kostel sv. V\u00e1clava<\/h2>\n<p><iframe loading=\"lazy\" width=\"500\" height=\"281\" src=\"https:\/\/www.youtube.com\/embed\/4sgaBLcFOfM?feature=oembed\" frameborder=\"0\" allowfullscreen><\/iframe><br \/>\nFestival Ostrava, kostel sv. V\u00e1clava 19.9.2007<br \/>\nC. Stamitz<br \/>\nKoncert G dur pro fl\u00e9tnu a orchestr<br \/>\nAllegro<br \/>\nAndante<br \/>\nRondo. Allegro<br \/>\nOrchestr Czech Virtuosi<br \/>\nTV NOE CZ<\/p>\n<h2><\/h2>\n<h2>XIV. Hudebn\u00ed slavnosti Emy Destinnov\u00e9<\/h2>\n<p><iframe loading=\"lazy\" width=\"500\" height=\"375\" src=\"https:\/\/www.youtube.com\/embed\/4WIVoGHuytQ?feature=oembed\" frameborder=\"0\" allowfullscreen><\/iframe><br \/>\nXIV. Hudebn\u00ed slavnosti Emy Destinnov\u00e9 6. 9. 2003<br \/>\n\u010cesk\u00e9 Bud\u011bjovice<br \/>\nSumi Jo \u2013 sopr\u00e1n<br \/>\nP. Pomkla \u2013 fl\u00e9tna<br \/>\nSt\u00e1tn\u00ed filharmonie Brno<br \/>\nL. Sv\u00e1rovsk\u00fd \u2013 dirigent<br \/>\nG. Donizetti \u00e1rie Lucie z opery Lucie z Lammermooru<br \/>\n\u010cs. televize Praha<\/p>\n<h2><\/h2>\n<h2>36. Moravsk\u00fd podzim 2001<\/h2>\n<p><iframe loading=\"lazy\" width=\"500\" height=\"375\" src=\"https:\/\/www.youtube.com\/embed\/tr9Mdn1rn8w?feature=oembed\" frameborder=\"0\" allowfullscreen><\/iframe><br \/>\n36. Mezin\u00e1rodn\u00ed hudebn\u00ed festival Moravsk\u00fd podzim 2001<br \/>\nL. Bernstein M\u0161e<br \/>\nSt\u00e1tn\u00ed filharmonie Brno<br \/>\nA.Machek \u2013 dirigent<br \/>\n\u010cs. televize Brno<\/p>\n<h2><\/h2>\n<h2>Frank Martin &#8211; Balada pro fl\u00e9tnu a pi\u00e1no<\/h2>\n<p><iframe loading=\"lazy\" width=\"500\" height=\"375\" src=\"https:\/\/www.youtube.com\/embed\/Anivp7w78-o?feature=oembed\" frameborder=\"0\" allowfullscreen><\/iframe><\/p>\n","protected":false},"excerpt":{"rendered":"<p>Novoro\u010dn\u00ed koncerty Festival Ostrava, kostel sv. V\u00e1clava Festival Ostrava, kostel sv. V\u00e1clava 19.9.2007 C. Stamitz Koncert G dur pro fl\u00e9tnu a orchestr Allegro Andante Rondo. Allegro Orchestr Czech Virtuosi TV NOE CZ XIV. Hudebn\u00ed slavnosti Emy Destinnov\u00e9 XIV. Hudebn\u00ed slavnosti Emy Destinnov\u00e9 6. 9. 2003 \u010cesk\u00e9 Bud\u011bjovice Sumi Jo \u2013 sopr\u00e1n P. Pomkla \u2013 fl\u00e9tna [&hellip;]<\/p>\n","protected":false},"author":4,"featured_media":0,"parent":0,"menu_order":0,"comment_status":"closed","ping_status":"closed","template":"","meta":{"footnotes":""},"class_list":["post-1116","page","type-page","status-publish","hentry"],"_links":{"self":[{"href":"https:\/\/www.petrpomkla.com\/cs\/wp-json\/wp\/v2\/pages\/1116","targetHints":{"allow":["GET"]}}],"collection":[{"href":"https:\/\/www.petrpomkla.com\/cs\/wp-json\/wp\/v2\/pages"}],"about":[{"href":"https:\/\/www.petrpomkla.com\/cs\/wp-json\/wp\/v2\/types\/page"}],"author":[{"embeddable":true,"href":"https:\/\/www.petrpomkla.com\/cs\/wp-json\/wp\/v2\/users\/4"}],"replies":[{"embeddable":true,"href":"https:\/\/www.petrpomkla.com\/cs\/wp-json\/wp\/v2\/comments?post=1116"}],"version-history":[{"count":11,"href":"https:\/\/www.petrpomkla.com\/cs\/wp-json\/wp\/v2\/pages\/1116\/revisions"}],"predecessor-version":[{"id":1264,"href":"https:\/\/www.petrpomkla.com\/cs\/wp-json\/wp\/v2\/pages\/1116\/revisions\/1264"}],"wp:attachment":[{"href":"https:\/\/www.petrpomkla.com\/cs\/wp-json\/wp\/v2\/media?parent=1116"}],"curies":[{"name":"wp","href":"https:\/\/api.w.org\/{rel}","templated":true}]}}