{"id":12,"date":"2013-06-10T11:59:14","date_gmt":"2013-06-10T11:59:14","guid":{"rendered":"http:\/\/petrpomkla.regnito.cz\/?page_id=12"},"modified":"2017-10-30T11:47:46","modified_gmt":"2017-10-30T11:47:46","slug":"repertoar","status":"publish","type":"page","link":"https:\/\/www.petrpomkla.com\/cs\/repertoar\/","title":{"rendered":"reperto\u00e1r"},"content":{"rendered":"<p style=\"text-align: left;\"><a href=\"https:\/\/www.petrpomkla.com\/wp-content\/uploads\/2013\/10\/fletna_a_orchestr.pdf\">Fl\u00e9tna a orchestr <\/a><\/p>\n<p style=\"text-align: left;\"><a href=\"https:\/\/www.petrpomkla.com\/wp-content\/uploads\/2013\/10\/fletna_a_cembalo-klavir.pdf\">Fl\u00e9tna a cembalo-klav\u00edr<\/a><\/p>\n<p style=\"text-align: left;\"><a href=\"https:\/\/www.petrpomkla.com\/wp-content\/uploads\/2013\/10\/fletna_a_kytara.pdf\">Fl\u00e9tna a kytara<\/a><\/p>\n<p style=\"text-align: left;\"><a href=\"https:\/\/www.petrpomkla.com\/wp-content\/uploads\/2013\/10\/fletna_solo.pdf\">Fl\u00e9tna s\u00f3lo<\/a><\/p>\n<p style=\"text-align: left;\"><a href=\"https:\/\/www.petrpomkla.com\/wp-content\/uploads\/2013\/10\/fletna_a_smycce.pdf\">Fl\u00e9tna a smy\u010dce<\/a><\/p>\n<p style=\"text-align: left;\"><a href=\"https:\/\/www.petrpomkla.com\/wp-content\/uploads\/2013\/10\/Moje_fletnicky.pdf\">M\u00e9 fl\u00e9tni\u010dky<\/a><\/p>\n","protected":false},"excerpt":{"rendered":"<p>Fl\u00e9tna a orchestr Fl\u00e9tna a cembalo-klav\u00edr Fl\u00e9tna a kytara Fl\u00e9tna s\u00f3lo Fl\u00e9tna a smy\u010dce M\u00e9 fl\u00e9tni\u010dky<\/p>\n","protected":false},"author":4,"featured_media":0,"parent":0,"menu_order":0,"comment_status":"closed","ping_status":"closed","template":"","meta":{"footnotes":""},"class_list":["post-12","page","type-page","status-publish","hentry"],"_links":{"self":[{"href":"https:\/\/www.petrpomkla.com\/cs\/wp-json\/wp\/v2\/pages\/12","targetHints":{"allow":["GET"]}}],"collection":[{"href":"https:\/\/www.petrpomkla.com\/cs\/wp-json\/wp\/v2\/pages"}],"about":[{"href":"https:\/\/www.petrpomkla.com\/cs\/wp-json\/wp\/v2\/types\/page"}],"author":[{"embeddable":true,"href":"https:\/\/www.petrpomkla.com\/cs\/wp-json\/wp\/v2\/users\/4"}],"replies":[{"embeddable":true,"href":"https:\/\/www.petrpomkla.com\/cs\/wp-json\/wp\/v2\/comments?post=12"}],"version-history":[{"count":4,"href":"https:\/\/www.petrpomkla.com\/cs\/wp-json\/wp\/v2\/pages\/12\/revisions"}],"predecessor-version":[{"id":1270,"href":"https:\/\/www.petrpomkla.com\/cs\/wp-json\/wp\/v2\/pages\/12\/revisions\/1270"}],"wp:attachment":[{"href":"https:\/\/www.petrpomkla.com\/cs\/wp-json\/wp\/v2\/media?parent=12"}],"curies":[{"name":"wp","href":"https:\/\/api.w.org\/{rel}","templated":true}]}}