{"id":30,"date":"2013-06-10T12:07:59","date_gmt":"2013-06-10T12:07:59","guid":{"rendered":"http:\/\/petrpomkla.regnito.cz\/?page_id=30"},"modified":"2017-10-30T11:51:16","modified_gmt":"2017-10-30T11:51:16","slug":"kontakt","status":"publish","type":"page","link":"https:\/\/www.petrpomkla.com\/cs\/kontakt\/","title":{"rendered":"Kontakt"},"content":{"rendered":"<h3>Mgr. Petr Pomkla<\/h3>\n<p><a href=\"tel:00420739244796\">+420 739 244 796<\/a><br \/>\n<a href=\"mailto:info@petrpomkla.com\">info@petrpomkla.com<\/a><\/p>\n<p><strong>Filharmonie Brno<\/strong><br \/>\nKomensk\u00e9ho n\u00e1m\u011bst\u00ed 534\/8<br \/>\n602 00, Brno<br \/>\n<a href=\"tel:00420539092801\">+420 539 092 801<\/a><\/p>\n<p><strong>pro n\u00e1kup n\u00e1stroj\u016f doporu\u010duji spole\u010dnost<br \/>\n<\/strong>Clarina Music<br \/>\n<a href=\"https:\/\/www.clarina.cz\/\">www.clarina.cz<\/a><\/p>\n<p><strong>pro opravu n\u00e1stroj\u016f doporu\u010duji ateli\u00e9r<br \/>\n<\/strong>P. J. Groot \u2013 dechov\u00e9 n\u00e1stroje<br \/>\n<a href=\"http:\/\/www.pjgroot.wz.cz\/\">www.pjgroot.wz.cz<\/a><\/p>\n<p>promo foto pro m\u00e9dia: <a href=\"https:\/\/www.petrpomkla.com\/wp-content\/uploads\/2013\/06\/promo_foto.zip\">st\u00e1hnete kliknut\u00edm zde<\/a><\/p>\n<p><strong>fotografie<\/strong><br \/>\nPetr Pil\u00e1t a Tom\u00e1\u0161 Tich\u00fd<\/p>\n<p class=\"gform_not_found\">Oops! We could not locate your form.<\/p>\n","protected":false},"excerpt":{"rendered":"<p>Mgr. Petr Pomkla +420 739 244 796 info@petrpomkla.com Filharmonie Brno Komensk\u00e9ho n\u00e1m\u011bst\u00ed 534\/8 602 00, Brno +420 539 092 801 pro n\u00e1kup n\u00e1stroj\u016f doporu\u010duji spole\u010dnost Clarina Music www.clarina.cz pro opravu n\u00e1stroj\u016f doporu\u010duji ateli\u00e9r P. J. Groot \u2013 dechov\u00e9 n\u00e1stroje www.pjgroot.wz.cz promo foto pro m\u00e9dia: st\u00e1hnete kliknut\u00edm zde fotografie Petr Pil\u00e1t a Tom\u00e1\u0161 Tich\u00fd<\/p>\n","protected":false},"author":4,"featured_media":0,"parent":0,"menu_order":0,"comment_status":"closed","ping_status":"closed","template":"","meta":{"footnotes":""},"class_list":["post-30","page","type-page","status-publish","hentry"],"_links":{"self":[{"href":"https:\/\/www.petrpomkla.com\/cs\/wp-json\/wp\/v2\/pages\/30","targetHints":{"allow":["GET"]}}],"collection":[{"href":"https:\/\/www.petrpomkla.com\/cs\/wp-json\/wp\/v2\/pages"}],"about":[{"href":"https:\/\/www.petrpomkla.com\/cs\/wp-json\/wp\/v2\/types\/page"}],"author":[{"embeddable":true,"href":"https:\/\/www.petrpomkla.com\/cs\/wp-json\/wp\/v2\/users\/4"}],"replies":[{"embeddable":true,"href":"https:\/\/www.petrpomkla.com\/cs\/wp-json\/wp\/v2\/comments?post=30"}],"version-history":[{"count":4,"href":"https:\/\/www.petrpomkla.com\/cs\/wp-json\/wp\/v2\/pages\/30\/revisions"}],"predecessor-version":[{"id":1327,"href":"https:\/\/www.petrpomkla.com\/cs\/wp-json\/wp\/v2\/pages\/30\/revisions\/1327"}],"wp:attachment":[{"href":"https:\/\/www.petrpomkla.com\/cs\/wp-json\/wp\/v2\/media?parent=30"}],"curies":[{"name":"wp","href":"https:\/\/api.w.org\/{rel}","templated":true}]}}