{"id":510,"date":"2011-09-28T19:34:48","date_gmt":"2011-09-28T19:34:48","guid":{"rendered":"http:\/\/www.kriesi.at\/themes\/flashlight\/?page_id=7"},"modified":"2021-04-19T14:56:47","modified_gmt":"2021-04-19T14:56:47","slug":"welcome","status":"publish","type":"page","link":"https:\/\/www.petrpomkla.com\/cs\/","title":{"rendered":"Home"},"content":{"rendered":"<br \/>\n<h3><strong>V\u00edtejte<\/strong><\/h3>\n<p>V\u00edtejte na m\u00fdch webov\u00fdch str\u00e1nk\u00e1ch.<\/p>\n<p>Od sv\u00fdch \u0161esti let \u017eiji hudbou, p\u016fsob\u00ed mi velkou radost,<\/p>\n<p>je to velmi poutav\u00fd p\u0159\u00edb\u011bh \u2026<\/p>\n<p><a href=\"https:\/\/www.petrpomkla.com\/cv\/\">vstupte<\/a><\/p>\n<p>&nbsp;<\/p>\n<h3><strong>Welcome<\/strong><\/h3>\n<p>Welcome to my website.<\/p>\n<p>I\u2019ve been living for music since I was six, always deriving great pleasure and satisfaction from it,<\/p>\n<p>it\u2019s been a thrilling story \u2026<\/p>\n<p><a href=\"https:\/\/www.petrpomkla.com\/en\/cv\/\">enter<\/a><\/p>\n","protected":false},"excerpt":{"rendered":"<p>V\u00edtejte V\u00edtejte na m\u00fdch webov\u00fdch str\u00e1nk\u00e1ch. Od sv\u00fdch \u0161esti let \u017eiji hudbou, p\u016fsob\u00ed mi velkou radost, je to velmi poutav\u00fd p\u0159\u00edb\u011bh \u2026 vstupte &nbsp; Welcome Welcome to my website. I\u2019ve been living for music since I was six, always deriving great pleasure and satisfaction from it, it\u2019s been a thrilling story \u2026 enter<\/p>\n","protected":false},"author":4,"featured_media":0,"parent":0,"menu_order":0,"comment_status":"closed","ping_status":"closed","template":"","meta":{"footnotes":""},"class_list":["post-510","page","type-page","status-publish","hentry"],"_links":{"self":[{"href":"https:\/\/www.petrpomkla.com\/cs\/wp-json\/wp\/v2\/pages\/510","targetHints":{"allow":["GET"]}}],"collection":[{"href":"https:\/\/www.petrpomkla.com\/cs\/wp-json\/wp\/v2\/pages"}],"about":[{"href":"https:\/\/www.petrpomkla.com\/cs\/wp-json\/wp\/v2\/types\/page"}],"author":[{"embeddable":true,"href":"https:\/\/www.petrpomkla.com\/cs\/wp-json\/wp\/v2\/users\/4"}],"replies":[{"embeddable":true,"href":"https:\/\/www.petrpomkla.com\/cs\/wp-json\/wp\/v2\/comments?post=510"}],"version-history":[{"count":3,"href":"https:\/\/www.petrpomkla.com\/cs\/wp-json\/wp\/v2\/pages\/510\/revisions"}],"predecessor-version":[{"id":1271,"href":"https:\/\/www.petrpomkla.com\/cs\/wp-json\/wp\/v2\/pages\/510\/revisions\/1271"}],"wp:attachment":[{"href":"https:\/\/www.petrpomkla.com\/cs\/wp-json\/wp\/v2\/media?parent=510"}],"curies":[{"name":"wp","href":"https:\/\/api.w.org\/{rel}","templated":true}]}}