{"id":7,"date":"2013-06-10T11:55:39","date_gmt":"2013-06-10T11:55:39","guid":{"rendered":"http:\/\/petrpomkla.regnito.cz\/?page_id=7"},"modified":"2020-06-03T13:21:58","modified_gmt":"2020-06-03T13:21:58","slug":"cv","status":"publish","type":"page","link":"https:\/\/www.petrpomkla.com\/cs\/cv\/","title":{"rendered":"cv"},"content":{"rendered":"\n\t<p>Absolvoval konzervato\u0159 a Jan\u00e1\u010dkovu akademii m\u00fazick\u00fdch um\u011bn\u00ed v Brn\u011b, d\u00e1le pak studoval na l\u2019Ecole Normale de musique de Paris (koncertn\u00ed licence 1989) v Nice a Z\u00fcrichu u pedagog\u016f Alaina Mariona, Christiana Lardeho a Alexandra Magnina.<\/p>\n<p>Jako s\u00f3lista Petr Pomkla vystoupil za doprovodu \u010desk\u00fdch symfonick\u00fdch orchestr\u016f z Brna, Prahy, Hradce Kr\u00e1lov\u00e9, Olomouce, Zl\u00edna a Teplic. Komorn\u00edch orchestr\u016f: Musici de Praga, orchestru PKO, Jiho\u010desk\u00e9 komorn\u00ed filharmonie, Moravsk\u00e9ho komorn\u00edho orchestru, Sukova komorn\u00edho orchestru. Barocco sempre giovane, Jan\u00e1\u010dkova komorn\u00edho orchestru, orchestru Czech Virtuosi a orchestru Nadace Yehudi Menuhina.<\/p>\nByl \u010dlenem Orchestre de Jeunes de toute l\u2019Europe<br \/>\n(Pa\u0159\u00ed\u017e) a Gustav Mahler Jugendorchester (V\u00edde\u0148).<br \/>\nOd roku 1992 je prvn\u00edm fl\u00e9tnistou Brn\u011bnsk\u00e9 filharmonie a orchestru Czech Virtuosi.<br \/>\nV roce 2012 se stal prvn\u00edm fl\u00e9tnistou dechov\u00e9 sekce orchestru Kremerata Baltika.\nHraje na recit\u00e1lech s kytarou, harfou, klav\u00edrem, dechov\u00fdm kvintetem a smy\u010dcov\u00fdm kvartetem. Vyu\u010doval hru na fl\u00e9tnu na JAMU v Brn\u011b, nyn\u00ed je pedagogicky \u010dinn\u00fd<br \/>\nna Konzervato\u0159i Evangelick\u00e9 akademie v Olomouci.\nVystupoval na koncertech a hudebn\u00edch festivalech v mnoha zem\u00edch Evropy, Jihov\u00fdchodn\u00ed Asie a Japonsku,<br \/>\njako s\u00f3lista, \u010di komorn\u00ed hr\u00e1\u010d na festivalech v N\u011bmecku, Rakousku, Finsku &#8211; Kuhmu, \u0160v\u00e9dsku &#8211; Stockholmu, \u0160pan\u011blsku &#8211; Malaze, Vitorii, Segovii, Francii &#8211; Lu\u00e7onu, Saumuru, Le Mans, Bulharsku, Japonsku &#8211; Tokiu, Kawasaki, ale tak\u00e9 v Praze, Brn\u011b, Hukvaldech, \u010cesk\u00fdch Bud\u011bjovic\u00edch, Pardubic\u00edch, Ostrav\u011b, Opav\u011b. \n\t<p><a href=\"https:\/\/www.petrpomkla.com\/wp-content\/uploads\/2020\/05\/cv-cs-2020.pdf\">\u010cesky<\/a><\/p>\n<p>&nbsp;<\/p>\n\t<p><a href=\"https:\/\/www.petrpomkla.com\/wp-content\/uploads\/2020\/06\/cv-en-2020.pdf\">English<\/a><\/p>\n<p>&nbsp;<\/p>\n\t<p><a href=\"https:\/\/www.petrpomkla.com\/wp-content\/uploads\/2013\/10\/cv-de.pdf\">Deutsch<\/a><\/p>\n\t<p><a href=\"https:\/\/www.petrpomkla.com\/wp-content\/uploads\/2013\/10\/cv-fr.pdf\">Fran\u00e7ais<\/a><\/p>\n","protected":false},"excerpt":{"rendered":"<p>Absolvoval konzervato\u0159 a Jan\u00e1\u010dkovu akademii m\u00fazick\u00fdch um\u011bn\u00ed v Brn\u011b, d\u00e1le pak studoval na l\u2019Ecole Normale de musique de Paris (koncertn\u00ed licence 1989) v Nice a Z\u00fcrichu u pedagog\u016f Alaina Mariona, Christiana Lardeho a Alexandra Magnina. Jako s\u00f3lista Petr Pomkla vystoupil za doprovodu \u010desk\u00fdch symfonick\u00fdch orchestr\u016f z Brna, Prahy, Hradce Kr\u00e1lov\u00e9, Olomouce, Zl\u00edna a Teplic. Komorn\u00edch [&hellip;]<\/p>\n","protected":false},"author":4,"featured_media":0,"parent":0,"menu_order":0,"comment_status":"closed","ping_status":"closed","template":"","meta":{"footnotes":""},"class_list":["post-7","page","type-page","status-publish","hentry"],"_links":{"self":[{"href":"https:\/\/www.petrpomkla.com\/cs\/wp-json\/wp\/v2\/pages\/7","targetHints":{"allow":["GET"]}}],"collection":[{"href":"https:\/\/www.petrpomkla.com\/cs\/wp-json\/wp\/v2\/pages"}],"about":[{"href":"https:\/\/www.petrpomkla.com\/cs\/wp-json\/wp\/v2\/types\/page"}],"author":[{"embeddable":true,"href":"https:\/\/www.petrpomkla.com\/cs\/wp-json\/wp\/v2\/users\/4"}],"replies":[{"embeddable":true,"href":"https:\/\/www.petrpomkla.com\/cs\/wp-json\/wp\/v2\/comments?post=7"}],"version-history":[{"count":7,"href":"https:\/\/www.petrpomkla.com\/cs\/wp-json\/wp\/v2\/pages\/7\/revisions"}],"predecessor-version":[{"id":1398,"href":"https:\/\/www.petrpomkla.com\/cs\/wp-json\/wp\/v2\/pages\/7\/revisions\/1398"}],"wp:attachment":[{"href":"https:\/\/www.petrpomkla.com\/cs\/wp-json\/wp\/v2\/media?parent=7"}],"curies":[{"name":"wp","href":"https:\/\/api.w.org\/{rel}","templated":true}]}}