{"id":1119,"date":"2015-02-23T11:58:40","date_gmt":"2015-02-23T11:58:40","guid":{"rendered":"http:\/\/petrpomkla.com\/?page_id=1119"},"modified":"2017-10-30T11:53:39","modified_gmt":"2017-10-30T11:53:39","slug":"video-2","status":"publish","type":"page","link":"https:\/\/www.petrpomkla.com\/en\/video-2\/","title":{"rendered":"video"},"content":{"rendered":"<h2>New Year&#8217;s Concerts<\/h2>\n<p><iframe loading=\"lazy\" width=\"500\" height=\"281\" src=\"https:\/\/www.youtube.com\/embed\/DtZNtc1jkNs?feature=oembed\" frameborder=\"0\" allowfullscreen><\/iframe><\/p>\n<h2>Music Festival Ostrava, Church of St. Vaclav<\/h2>\n<p><iframe loading=\"lazy\" width=\"500\" height=\"281\" src=\"https:\/\/www.youtube.com\/embed\/4sgaBLcFOfM?feature=oembed\" frameborder=\"0\" allowfullscreen><\/iframe><br \/>\nMusic Festival Ostrava, Church of St. Vaclav<br \/>\n19.9.2007<br \/>\nC. Stamitz<br \/>\nConcerto in G major for flute and orchestra<br \/>\nAllegro<br \/>\nAndante<br \/>\nRondo. Allegro<br \/>\nCzech Virtuosi chamber orchestra<br \/>\nTV NOE CZ<\/p>\n<h2>XIV. EMMY DESTINN MUSIC FESTIVAL<\/h2>\n<p><iframe loading=\"lazy\" width=\"500\" height=\"375\" src=\"https:\/\/www.youtube.com\/embed\/4WIVoGHuytQ?feature=oembed\" frameborder=\"0\" allowfullscreen><\/iframe><br \/>\nXIV. EMMY DESTINN MUSIC FESTIVAL<br \/>\n\u010cESK\u00c9 BUD\u011aJOVICE<br \/>\n6. 9. 2003<br \/>\nSumi Jo \u2013 soprano \/ P. Pomkla \u2013 flute<br \/>\nBrno Philharmonic Orchestra<br \/>\nconductor L. Sv\u00e1rovsk\u00fd<br \/>\nG. Donizetti Aria of Lucia from opera Lucia di Lammermoor<br \/>\nCzech television Praha<\/p>\n<h2>36. Moravian Autumn 2001<\/h2>\n<p><iframe loading=\"lazy\" width=\"500\" height=\"375\" src=\"https:\/\/www.youtube.com\/embed\/tr9Mdn1rn8w?feature=oembed\" frameborder=\"0\" allowfullscreen><\/iframe><br \/>\n36. Brno International Music Festival Moravian Autumn 2001<br \/>\nL. Bernstein Mass<br \/>\nVoice of the God<br \/>\nBrno Philharmonic Orchestra<br \/>\nconductor A.Machek<br \/>\nCzech television Brno<\/p>\n<h2>Ballade for Flute and Piano<\/h2>\n<p><iframe loading=\"lazy\" width=\"500\" height=\"375\" src=\"https:\/\/www.youtube.com\/embed\/Anivp7w78-o?feature=oembed\" frameborder=\"0\" allowfullscreen><\/iframe><\/p>\n","protected":false},"excerpt":{"rendered":"<p>New Year&#8217;s Concerts Music Festival Ostrava, Church of St. Vaclav Music Festival Ostrava, Church of St. Vaclav 19.9.2007 C. Stamitz Concerto in G major for flute and orchestra Allegro Andante Rondo. Allegro Czech Virtuosi chamber orchestra TV NOE CZ XIV. EMMY DESTINN MUSIC FESTIVAL XIV. EMMY DESTINN MUSIC FESTIVAL \u010cESK\u00c9 BUD\u011aJOVICE 6. 9. 2003 Sumi [&hellip;]<\/p>\n","protected":false},"author":4,"featured_media":0,"parent":0,"menu_order":0,"comment_status":"closed","ping_status":"closed","template":"","meta":{"footnotes":""},"class_list":["post-1119","page","type-page","status-publish","hentry"],"_links":{"self":[{"href":"https:\/\/www.petrpomkla.com\/en\/wp-json\/wp\/v2\/pages\/1119","targetHints":{"allow":["GET"]}}],"collection":[{"href":"https:\/\/www.petrpomkla.com\/en\/wp-json\/wp\/v2\/pages"}],"about":[{"href":"https:\/\/www.petrpomkla.com\/en\/wp-json\/wp\/v2\/types\/page"}],"author":[{"embeddable":true,"href":"https:\/\/www.petrpomkla.com\/en\/wp-json\/wp\/v2\/users\/4"}],"replies":[{"embeddable":true,"href":"https:\/\/www.petrpomkla.com\/en\/wp-json\/wp\/v2\/comments?post=1119"}],"version-history":[{"count":11,"href":"https:\/\/www.petrpomkla.com\/en\/wp-json\/wp\/v2\/pages\/1119\/revisions"}],"predecessor-version":[{"id":1273,"href":"https:\/\/www.petrpomkla.com\/en\/wp-json\/wp\/v2\/pages\/1119\/revisions\/1273"}],"wp:attachment":[{"href":"https:\/\/www.petrpomkla.com\/en\/wp-json\/wp\/v2\/media?parent=1119"}],"curies":[{"name":"wp","href":"https:\/\/api.w.org\/{rel}","templated":true}]}}