{"id":556,"date":"2013-09-12T06:29:01","date_gmt":"2013-09-12T06:29:01","guid":{"rendered":"http:\/\/demo.petrpomkla.com\/?page_id=556"},"modified":"2020-06-03T13:23:26","modified_gmt":"2020-06-03T13:23:26","slug":"cv","status":"publish","type":"page","link":"https:\/\/www.petrpomkla.com\/en\/cv\/","title":{"rendered":"cv"},"content":{"rendered":"\n\t<p>Petr Pomkla is a renowned Czech Flutist, Soloist and Chamber Musician. He is the First Flutist of the Brno Philharmonic.<\/p>\nAs a soloist he performs with numerous orchestras such as the Brno Philharmonic Orchestra, Prague Symphony Orchestra, Symphony Orchestra of Hradec Kr\u00e1lov\u00e9, Moravian Philharmonic Olomouc, Philharmony Zl\u00edn and North Czech  Philharmonic Teplice.<br \/>\nIn addition he performs on regular basis with the Suk Chamber Orchestra,\nBarocco sempre giovane Orchestra, the Musici de Praga Orchestra, Chamber Philharmonic Orchestra of South Bohemia, the Moravian Chamber Orchestra,<br \/>\nthe Czech Virtuosi Chamber Orchestra and the Orchestra of the Yehudi Menuhin Foundation (Paris). \n<p>Petr Pomkla graduated from the Brno Conservatoire and earned his Master\u2019s degree at the Jan\u00e1\u010dek Academy of Music and Performing Arts in Brno, Czech Republic. Subsequently he studied at l\u2019Ecole Normale de musique de Paris, France and at music academies in Nice and Z\u00fcrich. His Professors include Alain Marion, Christian Larde and Alexander Magnin.<\/p>\n<p>He was a member of the Orchestre de Jeunes de toute l\u2019Europe (Paris) and the Gustav Mahler Youth Orchestra (Vienna). <\/p>\n<p>Since 1992 he has been appointed the First Flutist of the Brno Philharmonic Orchestra and the Czech Virtuosi Chamber Orchestra. Since 2012 he plays the First Flute in the world-known Kremerata Baltica. <\/p>\n<p>Mr. Pomkla performs often chamber music. His recitals include programmes with guitar, harp, piano and string quartet.<\/p>\n<p>He had been also teaching for many years at the Jan\u00e1\u010dek Academy of Music and Performing Arts, later being appointed as Professor of Flute at the Music Conservatoire in Olomouc, Moravia.<\/p>\n<p>Petr Pomkla has performed with orchestras at music festivals in many European countries, Southeast Asia and Japan and as a soloist and chamber music player at festivals all over the world including Bayreuth, Kuhmo, Malaga, Tokio, Kawasaki, Vitoria, Lu\u00e7on, Saumur, Murten but also Prague, Brno, Hukvaldy and Ostrava, to name just a few.<\/p>\n\t<p><a href=\"https:\/\/www.petrpomkla.com\/wp-content\/uploads\/2020\/05\/cv-cs-2020.pdf\">\u010cesky<\/a><\/p>\n\t<p><a href=\"https:\/\/www.petrpomkla.com\/wp-content\/uploads\/2020\/06\/cv-en-2020.pdf\">English<\/a><\/p>\n\t<p><a href=\"https:\/\/www.petrpomkla.com\/wp-content\/uploads\/2013\/10\/cv-de.pdf\">Deutsch<\/a><\/p>\n\t<p><a href=\"https:\/\/www.petrpomkla.com\/wp-content\/uploads\/2013\/10\/cv-fr.pdf\">Fran\u00e7ais<\/a><\/p>\n","protected":false},"excerpt":{"rendered":"<p>Petr Pomkla is a renowned Czech Flutist, Soloist and Chamber Musician. He is the First Flutist of the Brno Philharmonic. As a soloist he performs with numerous orchestras such as the Brno Philharmonic Orchestra, Prague Symphony Orchestra, Symphony Orchestra of Hradec Kr\u00e1lov\u00e9, Moravian Philharmonic Olomouc, Philharmony Zl\u00edn and North Czech Philharmonic Teplice. In addition he [&hellip;]<\/p>\n","protected":false},"author":4,"featured_media":0,"parent":0,"menu_order":0,"comment_status":"closed","ping_status":"closed","template":"","meta":{"footnotes":""},"class_list":["post-556","page","type-page","status-publish","hentry"],"_links":{"self":[{"href":"https:\/\/www.petrpomkla.com\/en\/wp-json\/wp\/v2\/pages\/556","targetHints":{"allow":["GET"]}}],"collection":[{"href":"https:\/\/www.petrpomkla.com\/en\/wp-json\/wp\/v2\/pages"}],"about":[{"href":"https:\/\/www.petrpomkla.com\/en\/wp-json\/wp\/v2\/types\/page"}],"author":[{"embeddable":true,"href":"https:\/\/www.petrpomkla.com\/en\/wp-json\/wp\/v2\/users\/4"}],"replies":[{"embeddable":true,"href":"https:\/\/www.petrpomkla.com\/en\/wp-json\/wp\/v2\/comments?post=556"}],"version-history":[{"count":6,"href":"https:\/\/www.petrpomkla.com\/en\/wp-json\/wp\/v2\/pages\/556\/revisions"}],"predecessor-version":[{"id":1399,"href":"https:\/\/www.petrpomkla.com\/en\/wp-json\/wp\/v2\/pages\/556\/revisions\/1399"}],"wp:attachment":[{"href":"https:\/\/www.petrpomkla.com\/en\/wp-json\/wp\/v2\/media?parent=556"}],"curies":[{"name":"wp","href":"https:\/\/api.w.org\/{rel}","templated":true}]}}