{"id":637,"date":"2013-06-10T12:05:38","date_gmt":"2013-06-10T12:05:38","guid":{"rendered":"http:\/\/en.petrpomkla.com\/vyuka-2\/"},"modified":"2017-10-30T11:54:28","modified_gmt":"2017-10-30T11:54:28","slug":"teaching","status":"publish","type":"page","link":"https:\/\/www.petrpomkla.com\/en\/teaching\/","title":{"rendered":"teaching"},"content":{"rendered":"<p>Dear colleagues and students, I started to teach playing the flute at Conservatory of Evangelic Academy in Olomouc in 2005. If you are interested in taking part in my classes, please contact me and we can meet. My phone number is <a href=\"tel:00420739244796\">+420 739 244 796<\/a> or my e-mail address is: <a href=\"mailto:petr.pan@centrum.cz\">petr.pan@centrum.cz<\/a><\/p>\n<p><a href=\"http:\/\/www.konzervatorolomouc-kea.cz\">www.konzervatorolomouc-kea.cz<\/a><\/p>\n<p>Dear colleagues and students, last year I have accepted an invitation to the 20th Forum International pour fl\u00fbte et piano in Diekirch in Lucemburg where I gave lessons with pedagogues of Musikhochschule M\u00fcnchen a Saarbr\u00fccken, Roayl Conservatorium Antwerpen, Hogeschool der Kunsten Ultrecht and Royal Conservatorium Rotterdam.<\/p>\n<p><a href=\"https:\/\/www.petrpomkla.com\/wp-content\/uploads\/2013\/10\/20e_forum.pdf\">20e Forum International pour fl\u00fbte et piano<\/a><\/p>\n<p>Dear colleagues and students, in 1999 I iniciated creation of summer music courses, Music studio. These courses take place during summer holidays in Ro\u017enov pod Radho\u0161t\u011bm. During 7 years about 170 students and teachers from former Czechoslovakia have visited Ro\u017enov. High level of teaching was guaranteed by violinists Pavel \u0160porcl and Bohuslav Matou\u0161ek, violoncellist Ji\u0159\u00ed Hanou\u0161ek, singer Zlatica Livorov\u00e1 and clarinettist Emil Drapela. Modern music workshop was led by the Czech composer Jind\u0159ich Feld and the teacher of Prague Conservatory Luk\u00e1\u0161 Herink. I stopped working for Music studio in 2007 and I handed over teaching of playing the flute to my dear colleague Clara Nov\u00e1kov\u00e1.<\/p>\n<p><a href=\"http:\/\/www.hudebniatelier.eu\">www.hudebniatelier.eu<\/a><br \/>\n<a href=\"https:\/\/www.petrpomkla.com\/wp-content\/uploads\/2013\/10\/Music_Workshop_05.pdf\">Music workshop<\/a><\/p>\n","protected":false},"excerpt":{"rendered":"<p>Dear colleagues and students, I started to teach playing the flute at Conservatory of Evangelic Academy in Olomouc in 2005. If you are interested in taking part in my classes, please contact me and we can meet. My phone number is +420 739 244 796 or my e-mail address is: petr.pan@centrum.cz www.konzervatorolomouc-kea.cz Dear colleagues and [&hellip;]<\/p>\n","protected":false},"author":4,"featured_media":0,"parent":0,"menu_order":0,"comment_status":"closed","ping_status":"closed","template":"","meta":{"footnotes":""},"class_list":["post-637","page","type-page","status-publish","hentry"],"_links":{"self":[{"href":"https:\/\/www.petrpomkla.com\/en\/wp-json\/wp\/v2\/pages\/637","targetHints":{"allow":["GET"]}}],"collection":[{"href":"https:\/\/www.petrpomkla.com\/en\/wp-json\/wp\/v2\/pages"}],"about":[{"href":"https:\/\/www.petrpomkla.com\/en\/wp-json\/wp\/v2\/types\/page"}],"author":[{"embeddable":true,"href":"https:\/\/www.petrpomkla.com\/en\/wp-json\/wp\/v2\/users\/4"}],"replies":[{"embeddable":true,"href":"https:\/\/www.petrpomkla.com\/en\/wp-json\/wp\/v2\/comments?post=637"}],"version-history":[{"count":2,"href":"https:\/\/www.petrpomkla.com\/en\/wp-json\/wp\/v2\/pages\/637\/revisions"}],"predecessor-version":[{"id":1274,"href":"https:\/\/www.petrpomkla.com\/en\/wp-json\/wp\/v2\/pages\/637\/revisions\/1274"}],"wp:attachment":[{"href":"https:\/\/www.petrpomkla.com\/en\/wp-json\/wp\/v2\/media?parent=637"}],"curies":[{"name":"wp","href":"https:\/\/api.w.org\/{rel}","templated":true}]}}