{"id":654,"date":"2013-06-10T12:07:59","date_gmt":"2013-06-10T12:07:59","guid":{"rendered":"http:\/\/en.petrpomkla.com\/kontakt-2\/"},"modified":"2017-10-30T11:55:41","modified_gmt":"2017-10-30T11:55:41","slug":"contact","status":"publish","type":"page","link":"https:\/\/www.petrpomkla.com\/en\/contact\/","title":{"rendered":"Contact"},"content":{"rendered":"<h3>Mgr. Petr Pomkla<\/h3>\n<p><a href=\"tel:00420739244796\">+420 739 244 796<\/a><br \/>\n<a href=\"mailto:info@petrpomkla.com\">info@petrpomkla.com<\/a><\/p>\n<p><strong>Filharmonie Brno<\/strong><br \/>\nKomensk\u00e9ho n\u00e1m\u011bst\u00ed 534\/8<br \/>\n602 00, Brno<br \/>\n<a href=\"tel:00420539092801\">+420\u00a0539 092 801<\/a><\/p>\n<p><strong>for buying instruments I recommend the<br \/>\n<\/strong>Clarina Music Company<br \/>\n<a href=\"http:\/\/www.clarina.cz\/\">www.clarina.cz<\/a><\/p>\n<p><strong>for service of instruments I recommend Atelier:<br \/>\n<\/strong>P. J. Groot \u2013 wind instruments<br \/>\n<a href=\"http:\/\/www.pjgroot.wz.cz\/\">www.pjgroot.wz.cz<\/a><\/p>\n<p>promo photos\u00a0for the\u00a0media:\u00a0<a href=\"http:\/\/petrpomkla.com\/wp-content\/uploads\/2015\/02\/promo_foto.zip\">download by clicking here<\/a><\/p>\n<p><strong>photos by<\/strong><br \/>\nPetr Pil\u00e1t and Tom\u00e1\u0161 Tich\u00fd<\/p>\n<p class=\"gform_not_found\">Oops! We could not locate your form.<\/p>\n","protected":false},"excerpt":{"rendered":"<p>Mgr. Petr Pomkla +420 739 244 796 info@petrpomkla.com Filharmonie Brno Komensk\u00e9ho n\u00e1m\u011bst\u00ed 534\/8 602 00, Brno +420\u00a0539 092 801 for buying instruments I recommend the Clarina Music Company www.clarina.cz for service of instruments I recommend Atelier: P. J. Groot \u2013 wind instruments www.pjgroot.wz.cz promo photos\u00a0for the\u00a0media:\u00a0download by clicking here photos by Petr Pil\u00e1t and Tom\u00e1\u0161 [&hellip;]<\/p>\n","protected":false},"author":4,"featured_media":0,"parent":0,"menu_order":0,"comment_status":"closed","ping_status":"closed","template":"","meta":{"footnotes":""},"class_list":["post-654","page","type-page","status-publish","hentry"],"_links":{"self":[{"href":"https:\/\/www.petrpomkla.com\/en\/wp-json\/wp\/v2\/pages\/654","targetHints":{"allow":["GET"]}}],"collection":[{"href":"https:\/\/www.petrpomkla.com\/en\/wp-json\/wp\/v2\/pages"}],"about":[{"href":"https:\/\/www.petrpomkla.com\/en\/wp-json\/wp\/v2\/types\/page"}],"author":[{"embeddable":true,"href":"https:\/\/www.petrpomkla.com\/en\/wp-json\/wp\/v2\/users\/4"}],"replies":[{"embeddable":true,"href":"https:\/\/www.petrpomkla.com\/en\/wp-json\/wp\/v2\/comments?post=654"}],"version-history":[{"count":4,"href":"https:\/\/www.petrpomkla.com\/en\/wp-json\/wp\/v2\/pages\/654\/revisions"}],"predecessor-version":[{"id":1275,"href":"https:\/\/www.petrpomkla.com\/en\/wp-json\/wp\/v2\/pages\/654\/revisions\/1275"}],"wp:attachment":[{"href":"https:\/\/www.petrpomkla.com\/en\/wp-json\/wp\/v2\/media?parent=654"}],"curies":[{"name":"wp","href":"https:\/\/api.w.org\/{rel}","templated":true}]}}